{"id":18,"date":"2025-02-27T03:29:03","date_gmt":"2025-02-27T03:29:03","guid":{"rendered":"http:\/\/localhost\/wordpress\/?page_id=18"},"modified":"2025-03-06T06:17:28","modified_gmt":"2025-03-06T06:17:28","slug":"contact","status":"publish","type":"page","link":"https:\/\/dw.prosetechnologies.com\/common\/contact\/","title":{"rendered":"Contact"},"content":{"rendered":"\t\t<div data-elementor-type=\"wp-page\" data-elementor-id=\"18\" class=\"elementor elementor-18\">\n\t\t\t\t<div class=\"elementor-element elementor-element-06db8e5 e-con-full e-flex e-con e-parent\" data-id=\"06db8e5\" data-element_type=\"container\">\n\t\t\t\t<div class=\"elementor-element elementor-element-07723aa elementor-widget elementor-widget-image\" data-id=\"07723aa\" data-element_type=\"widget\" data-widget_type=\"image.default\">\n\t\t\t\t<div class=\"elementor-widget-container\">\n\t\t\t\t\t\t\t\t\t\t\t\t\t\t\t<img fetchpriority=\"high\" decoding=\"async\" width=\"1195\" height=\"585\" src=\"https:\/\/dw.prosetechnologies.com\/common\/wp-content\/uploads\/2025\/03\/global.png\" class=\"attachment-full size-full wp-image-310\" alt=\"\" srcset=\"https:\/\/dw.prosetechnologies.com\/common\/wp-content\/uploads\/2025\/03\/global.png 1195w, https:\/\/dw.prosetechnologies.com\/common\/wp-content\/uploads\/2025\/03\/global-300x147.png 300w, https:\/\/dw.prosetechnologies.com\/common\/wp-content\/uploads\/2025\/03\/global-600x294.png 600w\" sizes=\"(max-width: 1195px) 100vw, 1195px\" \/>\t\t\t\t\t\t\t\t\t\t\t\t\t\t\t<\/div>\n\t\t\t\t<\/div>\n\t\t\t\t<\/div>\n\t\t<div class=\"elementor-element elementor-element-0b1db79 e-flex e-con-boxed e-con e-parent\" data-id=\"0b1db79\" data-element_type=\"container\">\n\t\t\t\t\t<div class=\"e-con-inner\">\n\t\t\t\t<div class=\"elementor-element elementor-element-8d03a0c elementor-widget elementor-widget-image\" data-id=\"8d03a0c\" data-element_type=\"widget\" data-widget_type=\"image.default\">\n\t\t\t\t<div class=\"elementor-widget-container\">\n\t\t\t\t\t\t\t\t\t\t\t\t\t\t\t<img decoding=\"async\" width=\"410\" height=\"135\" src=\"https:\/\/dw.prosetechnologies.com\/common\/wp-content\/uploads\/2025\/03\/Snipaste_2025-03-04_17-12-28.png\" class=\"attachment-full size-full wp-image-519\" alt=\"\" srcset=\"https:\/\/dw.prosetechnologies.com\/common\/wp-content\/uploads\/2025\/03\/Snipaste_2025-03-04_17-12-28.png 410w, https:\/\/dw.prosetechnologies.com\/common\/wp-content\/uploads\/2025\/03\/Snipaste_2025-03-04_17-12-28-300x99.png 300w\" sizes=\"(max-width: 410px) 100vw, 410px\" \/>\t\t\t\t\t\t\t\t\t\t\t\t\t\t\t<\/div>\n\t\t\t\t<\/div>\n\t\t\t\t\t<\/div>\n\t\t\t\t<\/div>\n\t\t<div class=\"elementor-element elementor-element-519d66e e-grid e-con-boxed e-con e-parent\" data-id=\"519d66e\" data-element_type=\"container\">\n\t\t\t\t\t<div class=\"e-con-inner\">\n\t\t\t\t<div class=\"elementor-element elementor-element-de43cb5 elementor-widget elementor-widget-text-editor\" data-id=\"de43cb5\" data-element_type=\"widget\" data-widget_type=\"text-editor.default\">\n\t\t\t\t<div class=\"elementor-widget-container\">\n\t\t\t\t\t\t\t\t\t<div class=\"content_2_text\"><p><span class=\"paragraph_title\">Headquarters<br \/><\/span><\/p><p>Donauw\u00f6rth &#8211; Germany<br \/>PROSE Technologies GmbH<br \/>Add.: <span class=\"address\"><a href=\"https:\/\/www.google.com\/maps\/search\/PROSE%20Technologies%20GmbH%20Dr.-Friedrich-Drechsler-Stra%C3%9Fe%2014%2C%2086609\">Dr.-Friedrich-Drechsler-Stra\u00dfe 14, 86609<\/a><br \/>Donauw\u00f6rth, Germany<\/span><br \/>E-mail: info.eu@Prosetechnologies.com<\/p><p><span class=\"paragraph_title\">Western Europe<br \/><\/span><\/p><p>Dublin &#8211; Ireland<br \/>PROSE Technologies (Ireland) Limited<br \/>Add.: <span class=\"address\"><br \/><a href=\"https:\/\/www.google.com\/maps\/search\/PROSE%20Technologies%20(Ireland)%20Limited\">6th Floor, South Bank House, Barrow Street, Dublin 4 Ireland<\/a><\/span><br \/>E-mail: Info@prosetechnologies.com<\/p><p><span class=\"paragraph_title\">Eastern Europe &amp; Central Asia<br \/><\/span><br \/><span class=\"paragraph_text\"><span class=\"paragraph_text\"><br \/>E-mail: info.eeca@prosetechnologies.com<\/span><\/span><\/p><p><span class=\"paragraph_title\">North America<br \/><\/span><\/p><p>New Jersey &#8211; America<br \/>PROSE Technologies LLC<br \/>Add.: <a href=\"https:\/\/www.google.com\/maps\/search\/PROSE%20Technologies%20LLC\"><span class=\"address\">550 Clark Drive Budd Lake, NJ 07828, United States of America<\/span><\/a><br \/>Tel: +1 888 840 4066<br \/>E-mail: info.us@prosetechnologies.com<\/p><p><span class=\"paragraph_title\">Middle East<br \/><\/span><\/p><p>Dubai &#8211; UAE<br \/>PROSE Technologies DMCC<br \/>Add.: <a href=\"https:\/\/www.google.com\/maps\/search\/PROSE%20Technologies%20DMCC\"><span class=\"address\">3702, Mazaya Business Avenue BB2, JLT, Dubai<\/span><\/a><br \/>Tel: +971 4 3999168<br \/>E-mail: info.ae@prosetechnologies.com<\/p><p><span class=\"paragraph_title\">Africa<br \/><\/span><\/p><p>Nairobi &#8211; Kenya<br \/>PROSE Technologies Africa (PTY) Ltd<br \/>Tel: +254 780440410<br \/>E-mail: info.ke@prosetechnologies.com<\/p><p>Gauteng, (Johannesburg) &#8211; South Africa<br \/>PROSE Technologies Africa (PTY) Ltd<br \/>Add.: <a href=\"https:\/\/www.google.com\/maps\/search\/PROSE%20Technologies%20Africa%20(PTY)%20Ltd\"><span class=\"address\">Building 20, Cambridge Office Park, 5 Bauhina Road, Highveld Techno Park Centurion, Gauteng 0169, South Africa<\/span><\/a><br \/>Mobile: +27 725554840<br \/>E-mail: info.za@prosetechnologies.com<\/p><\/div>\t\t\t\t\t\t\t\t<\/div>\n\t\t\t\t<\/div>\n\t\t\t\t<div class=\"elementor-element elementor-element-f805c5a elementor-widget elementor-widget-text-editor\" data-id=\"f805c5a\" data-element_type=\"widget\" data-widget_type=\"text-editor.default\">\n\t\t\t\t<div class=\"elementor-widget-container\">\n\t\t\t\t\t\t\t\t\t<div class=\"content_2_text margin_left_30\"><p><span class=\"paragraph_title\">South Asia<br \/><\/span><\/p><p>Mumbai &#8211; India<br \/>PROSE Technologies India Private Limited<br \/>Add.: <a href=\"https:\/\/www.google.com\/maps\/search\/403-407%2C%20Eco%20Star%2C%20Vishveshwar%20Nagar%2C%20Goregaon%20East%2C%20Mumbai%20%2CIndia%20400063\"><span class=\"address\">403-407, Eco Star, Vishveshwar Nagar, Goregaon East, Mumbai ,India 400063<\/span><\/a><br \/>Tel: +91 22-66453000<br \/>E-mail: info.in@prosetechnologies.com<\/p><p>Pune &#8211; India<br \/>PROSE Technologies India Pvt.Ltd<br \/>Add.: <a href=\"https:\/\/www.google.com\/maps\/search\/PROSE%20Technologies%20India%20Pvt.Ltd\"><span class=\"address\">A-79, Block-A , Horizon Industrial Parks, Phase II, MIDC Chakan Industrial Area, Khed, Pune , India 410501<\/span><\/a><br \/>Tel: +91 2135-635200<br \/>E-mail: info.in@prosetechnologies.com<\/p><p>Bangalore &#8211; India<br \/>PROSE Technologies India Private Limited<br \/>Add.: <a href=\"https:\/\/www.google.com\/maps\/search\/East%20End%20Main%20Road%2C%20Jayanagar%20IX%20Block%2C%20Bangalore%2C%20India%20560069\"><span class=\"address\">No.494 East End Main Road, Jayanagar IX Block, Bangalore, India 560069<\/span><\/a><br \/>E-mail: info.in@prosetechnologies.com<\/p><p>New Delhi &#8211; India<br \/>PROSE Technologies India Pvt.Ltd<br \/>Add.: <a href=\"http:\/\/H-3\/157, 2nd Floor, Vikas Puri, New Delhi, India 110018\" data-wplink-url-error=\"true\"><span class=\"address\">H-3\/157, 2nd Floor, Vikas Puri, New Delhi, India 110018<\/span><\/a><br \/>E-mail: info.in@prosetechnologies.com<\/p><p>Dhaka &#8211; Bangladesh<br \/>PROSE Technologies (Bangladesh) Limited<br \/>Add.: <a href=\"https:\/\/www.google.com\/maps\/search\/House-360%20%2C%20Lane-5%20(East)%2C%20Baridhara%20DOHS%2C%20Dhaka-1206%2C%20Bangladesh\"><span class=\"address\">House-360 (2nd Floor), Lane-5 (East), Baridhara DOHS, Dhaka-1206, Bangladesh<\/span><\/a><br \/>Tel: +880 1977070130<br \/>E-mail: info.bd@prosetechnologies.com<\/p><p>Islamabad &#8211; Pakistan<br \/>Add.: <a href=\"https:\/\/www.google.com\/maps\/search\/ISE%20Towers%2C%20Islamabad%2C%20Pakistan\"><span class=\"address\">Unit 514, 5th Floor, ISE Towers, Islamabad, Pakistan<\/span><\/a><br \/>Tel: +92 3335357733<br \/>E-mail: info.pk@prosetechnologies.com<\/p><p>Sri Lanka<br \/>Tel: +880 1977070130<br \/>E-mail: info.lk@prosetechnologies.com<\/p><\/div>\t\t\t\t\t\t\t\t<\/div>\n\t\t\t\t<\/div>\n\t\t\t\t<div class=\"elementor-element elementor-element-094fae5 elementor-widget elementor-widget-text-editor\" data-id=\"094fae5\" data-element_type=\"widget\" data-widget_type=\"text-editor.default\">\n\t\t\t\t<div class=\"elementor-widget-container\">\n\t\t\t\t\t\t\t\t\t<div class=\"content_2_text margin_left_30\"><p><span class=\"paragraph_title\">South East Asia<br \/><\/span><\/p><p>Selangor &#8211; Malaysia<br \/>PROSE Technology (M) Sdn. Bhd<br \/>Add.: <a href=\"https:\/\/www.google.com\/maps\/search\/PROSE%20Technology%20(M)%20Sdn.%20Bhd\"><span class=\"address\">Unit 2-1, Level 2, The Podium, Tower 3, UOA Business Park, No 1, Jalan Pengaturcara U1\/51a, Seksyen U1, 40150 Shah Alam, Selangor, Malaysia<\/span><\/a><br \/>Tel: +60 126859319<br \/>E-mail: info.my@prosetechnologies.com<\/p><p>Bangkok &#8211; Thailand<br \/>PROSE Technology (Thailand) Co., Ltd<br \/>Add.: <a href=\"https:\/\/www.google.com\/maps\/search\/PROSE%20Technology%20(Thailand)%20Co.%2C%20Ltd\"><span class=\"address\">349 SJ Infinite I Business Complex,9 Floor, Room 905, Vibhavadi Rangsit Road, Chom Phon Sun-district, Chatuchak District, Bangkok Provice, Thailand<\/span><\/a><br \/>Tel: +66 80 6606630<br \/>E-mail: info.th@prosetechnologies.com<\/p><p>Singapore<br \/>PROSE Technologies (Singapore) Pte.Ltd<br \/>Add.: <a href=\"https:\/\/www.google.com\/maps\/search\/PROSE%20Technologies%20(Singapore)%20Pte.Ltd\"><span class=\"address\">10 Anson Road#13-15 International Plaza Singapore 079903<\/span><\/a><br \/>Tel: +6598366793<br \/>E-mail: info.sg@prosetechnologies.com<\/p><p>Hanoi &#8211; Vietnam<br \/>PROSE Technologies (Vietnam) Company Limited<br \/>Add.: <a href=\"https:\/\/www.google.com\/maps\/search\/PROSE%20Technologies%20(Vietnam)%20Company%20Limited\"><span class=\"address\">Floor 15, Vinaconex 9 Building, HH-2 Block, Pham Hung Street, Me Tri Ward, Nam Tu Liem District, Hanoi, Vietnam<\/span><\/a><br \/>Tel: +84 933086498<br \/>E-mail: info.vn@prosetechnologies.com<\/p><p>Taguig &#8211; Philippines<br \/>PROSE Technologies Philippines, Inc.<br \/>Add.: <a href=\"https:\/\/www.google.com\/maps\/search\/26th%20Street%20corner%209th%20Avenue%2C%20Bonifacio%20Global%20City%2C%20Taguig%20City%2C%20Philippines\"><span class=\"address\">Unit 17 19th Floor Highstreet South Corporate Plaza Tower 1, 26th Street corner 9th Avenue, Bonifacio Global City, Taguig City, Philippines<\/span><\/a><br \/>Tel: +63 27572762<br \/>E-mail: info.ph@prosetechnologies.com<\/p><p>Jakarta &#8211; Indonesia<br \/>PT. PROSE Technologies Indonesia<br \/>Add.: <a href=\"https:\/\/www.google.com\/maps\/search\/Jalan%20Jenderal%20Sudirman%20No.%2047%2C%20Jakarta%2012930%2C%20Indonesia\"><span class=\"address\">Plaza Sentral 6th Floor, Jalan Jenderal Sudirman No. 47, Jakarta 12930, Indonesia<\/span><\/a><br \/>Tel: +62 21 57901997<br \/>E-mail: info.id@prosetechnologies.com<\/p><\/div>\t\t\t\t\t\t\t\t<\/div>\n\t\t\t\t<\/div>\n\t\t\t\t<div class=\"elementor-element elementor-element-fc6c434 elementor-widget elementor-widget-text-editor\" data-id=\"fc6c434\" data-element_type=\"widget\" data-widget_type=\"text-editor.default\">\n\t\t\t\t<div class=\"elementor-widget-container\">\n\t\t\t\t\t\t\t\t\t<div class=\"content_2_text margin_left_30\"><p><span class=\"paragraph_title\">East Asia<br \/><\/span><\/p><p>Suzhou &#8211; China<br \/>PROSE Technologies (Suzhou) Co.,Ltd<br \/>Add.: <a href=\"https:\/\/www.amap.com\/search?query=%E6%99%AE%E7%BD%97%E6%96%AF%E9%80%9A%E4%BF%A1%E6%8A%80%E6%9C%AF(%E8%8B%8F%E5%B7%9E)%E6%9C%89%E9%99%90%E5%85%AC%E5%8F%B8\"><span class=\"address\">No.6, Shen&#8217;an Road, DianShanHu, Suzhou, JiangSu, China<\/span><\/a><br \/>E-mail: Info@prosetechnologies.com<\/p><p>Beijing &#8211; China<br \/>PROSE Technologies (Beijing) Co.,Ltd<br \/>E-mail: Info@prosetechnologies.com<\/p><p>Shanghai &#8211; China<br \/>PROSE Technologies (Shanghai) Co.,Ltd<br \/>E-mail: Info@prosetechnologies.com<\/p><p>Dongguan &#8211; China<br \/>Add.: <a href=\"https:\/\/www.amap.com\/search?query=%E7%94%9F%E5%91%BD%E9%87%91%E8%9E%8D%E5%9F%8E%E5%8C%97%E5%8C%BA5%E6%A0%8B&amp;city=441900&amp;geoobj=113.848402%7C22.877195%7C113.850398%7C22.878239&amp;zoom=20\"><span class=\"address\">Room 1506, building 1, No. 1, Yile Road, Songshanhu Park, Dongguan City, Guangdong Province, China<\/span><\/a><br \/>E-mail: Info@prosetechnologies.com<\/p><p>Hongkong &#8211; China<br \/>PROSE Technologies Company Limited<br \/>Add.:<a href=\"https:\/\/www.google.com\/maps\/search\/Prat%20Commercial%20Building%2C%2017-19%20Prat%20Avenue%2C%20Tsimshatsui%2C%20Kowloon%2C%20HongKong%2C%20China\"> <span class=\"address\">Unit B 13\/F,Prat Commercial Building, 17-19 Prat Avenue, Tsimshatsui, Kowloon, HongKong, China<\/span><\/a><br \/>Tel:+86 512 86896789 &#8211; 2921\/2922<br \/>E-mail: info.hk@prosetechnologies.com<\/p><p>Taiwan<br \/>Tel: +63 2 7572762<br \/>E-mail: info.tw@prosetechnologies.com<\/p><p><br \/><span class=\"paragraph_title\">Oceania<br \/><\/span><\/p><p>New South Wales &#8211; Australia<br \/>PROSE Technologies (Australia) Pty. Ltd<br \/>Add.:<a href=\"https:\/\/www.google.com\/maps\/search\/Boundary%20Rd%2C%20Northmead%2C%20NSW%202152%2C%20Australia\"> <span class=\"address\">5\/13 Boundary Rd, Northmead, NSW 2152, Australia<\/span><\/a><br \/>Tel: +61 2 78055523<br \/>E-mail: info.au@prosetechnologies.com<\/p><\/div>\t\t\t\t\t\t\t\t<\/div>\n\t\t\t\t<\/div>\n\t\t\t\t\t<\/div>\n\t\t\t\t<\/div>\n\t\t\t\t<\/div>\n\t\t","protected":false},"excerpt":{"rendered":"<p>Headquarters Donauw\u00f6rth &#8211; GermanyPROSE Technologies GmbHAdd.: Dr.-Friedrich-Drechsler-Stra\u00dfe 14, 86609Donauw\u00f6rth, GermanyE-mail: info.eu@Prosetechnologies.com Western Europe Dublin &#8211; IrelandPROSE Technologies (Ireland) LimitedAdd.: 6th Floor, South Bank House, Barrow Street, Dublin 4 IrelandE-mail: Info@prosetechnologies.com Eastern Europe &amp; Central Asia E-mail: info.eeca@prosetechnologies.com North America New Jersey &#8211; AmericaPROSE Technologies LLCAdd.: 550 Clark Drive Budd Lake, NJ 07828, United States of&hellip;&nbsp;<a href=\"https:\/\/dw.prosetechnologies.com\/common\/contact\/\" rel=\"bookmark\">Read More &raquo;<span class=\"screen-reader-text\">Contact<\/span><\/a><\/p>\n","protected":false},"author":1,"featured_media":0,"parent":0,"menu_order":0,"comment_status":"closed","ping_status":"closed","template":"elementor_header_footer","meta":{"inline_featured_image":false,"neve_meta_sidebar":"","neve_meta_container":"","neve_meta_enable_content_width":"on","neve_meta_content_width":100,"neve_meta_title_alignment":"","neve_meta_author_avatar":"","neve_post_elements_order":"","neve_meta_disable_header":"","neve_meta_disable_footer":"","neve_meta_disable_title":"on","footnotes":""},"class_list":["post-18","page","type-page","status-publish","hentry"],"yoast_head":"<!-- This site is optimized with the Yoast SEO plugin v24.5 - https:\/\/yoast.com\/wordpress\/plugins\/seo\/ -->\n<title>Contact - Digital World<\/title>\n<meta name=\"robots\" content=\"index, follow, max-snippet:-1, max-image-preview:large, max-video-preview:-1\" \/>\n<link rel=\"canonical\" href=\"https:\/\/dw.prosetechnologies.com\/common\/contact\/\" \/>\n<meta property=\"og:locale\" content=\"en_US\" \/>\n<meta property=\"og:type\" content=\"article\" \/>\n<meta property=\"og:title\" content=\"Contact - Digital World\" \/>\n<meta property=\"og:description\" content=\"Headquarters Donauw\u00f6rth &#8211; GermanyPROSE Technologies GmbHAdd.: Dr.-Friedrich-Drechsler-Stra\u00dfe 14, 86609Donauw\u00f6rth, GermanyE-mail: info.eu@Prosetechnologies.com Western Europe Dublin &#8211; IrelandPROSE Technologies (Ireland) LimitedAdd.: 6th Floor, South Bank House, Barrow Street, Dublin 4 IrelandE-mail: Info@prosetechnologies.com Eastern Europe &amp; Central Asia E-mail: info.eeca@prosetechnologies.com North America New Jersey &#8211; AmericaPROSE Technologies LLCAdd.: 550 Clark Drive Budd Lake, NJ 07828, United States of&hellip;&nbsp;Read More &raquo;Contact\" \/>\n<meta property=\"og:url\" content=\"https:\/\/dw.prosetechnologies.com\/common\/contact\/\" \/>\n<meta property=\"og:site_name\" content=\"Digital World\" \/>\n<meta property=\"article:modified_time\" content=\"2025-03-06T06:17:28+00:00\" \/>\n<meta property=\"og:image\" content=\"https:\/\/dw.prosetechnologies.com\/common\/wp-content\/uploads\/2025\/03\/global.png\" \/>\n<meta name=\"twitter:card\" content=\"summary_large_image\" \/>\n<meta name=\"twitter:label1\" content=\"Est. reading time\" \/>\n\t<meta name=\"twitter:data1\" content=\"4 minutes\" \/>\n<script type=\"application\/ld+json\" class=\"yoast-schema-graph\">{\"@context\":\"https:\/\/schema.org\",\"@graph\":[{\"@type\":\"WebPage\",\"@id\":\"https:\/\/dw.prosetechnologies.com\/common\/contact\/\",\"url\":\"https:\/\/dw.prosetechnologies.com\/common\/contact\/\",\"name\":\"Contact - Digital World\",\"isPartOf\":{\"@id\":\"https:\/\/dw.prosetechnologies.com\/common\/#website\"},\"primaryImageOfPage\":{\"@id\":\"https:\/\/dw.prosetechnologies.com\/common\/contact\/#primaryimage\"},\"image\":{\"@id\":\"https:\/\/dw.prosetechnologies.com\/common\/contact\/#primaryimage\"},\"thumbnailUrl\":\"https:\/\/dw.prosetechnologies.com\/common\/wp-content\/uploads\/2025\/03\/global.png\",\"datePublished\":\"2025-02-27T03:29:03+00:00\",\"dateModified\":\"2025-03-06T06:17:28+00:00\",\"breadcrumb\":{\"@id\":\"https:\/\/dw.prosetechnologies.com\/common\/contact\/#breadcrumb\"},\"inLanguage\":\"en-US\",\"potentialAction\":[{\"@type\":\"ReadAction\",\"target\":[\"https:\/\/dw.prosetechnologies.com\/common\/contact\/\"]}]},{\"@type\":\"ImageObject\",\"inLanguage\":\"en-US\",\"@id\":\"https:\/\/dw.prosetechnologies.com\/common\/contact\/#primaryimage\",\"url\":\"https:\/\/dw.prosetechnologies.com\/common\/wp-content\/uploads\/2025\/03\/global.png\",\"contentUrl\":\"https:\/\/dw.prosetechnologies.com\/common\/wp-content\/uploads\/2025\/03\/global.png\",\"width\":1195,\"height\":585},{\"@type\":\"BreadcrumbList\",\"@id\":\"https:\/\/dw.prosetechnologies.com\/common\/contact\/#breadcrumb\",\"itemListElement\":[{\"@type\":\"ListItem\",\"position\":1,\"name\":\"Home\",\"item\":\"https:\/\/dw.prosetechnologies.com\/common\/\"},{\"@type\":\"ListItem\",\"position\":2,\"name\":\"Contact\"}]},{\"@type\":\"WebSite\",\"@id\":\"https:\/\/dw.prosetechnologies.com\/common\/#website\",\"url\":\"https:\/\/dw.prosetechnologies.com\/common\/\",\"name\":\"Digital World\",\"description\":\"\",\"publisher\":{\"@id\":\"https:\/\/dw.prosetechnologies.com\/common\/#organization\"},\"potentialAction\":[{\"@type\":\"SearchAction\",\"target\":{\"@type\":\"EntryPoint\",\"urlTemplate\":\"https:\/\/dw.prosetechnologies.com\/common\/?s={search_term_string}\"},\"query-input\":{\"@type\":\"PropertyValueSpecification\",\"valueRequired\":true,\"valueName\":\"search_term_string\"}}],\"inLanguage\":\"en-US\"},{\"@type\":\"Organization\",\"@id\":\"https:\/\/dw.prosetechnologies.com\/common\/#organization\",\"name\":\"Digital World\",\"url\":\"https:\/\/dw.prosetechnologies.com\/common\/\",\"logo\":{\"@type\":\"ImageObject\",\"inLanguage\":\"en-US\",\"@id\":\"https:\/\/dw.prosetechnologies.com\/common\/#\/schema\/logo\/image\/\",\"url\":\"https:\/\/dw.prosetechnologies.com\/common\/wp-content\/uploads\/2025\/03\/prose_logo.svg\",\"contentUrl\":\"https:\/\/dw.prosetechnologies.com\/common\/wp-content\/uploads\/2025\/03\/prose_logo.svg\",\"width\":176,\"height\":25,\"caption\":\"Digital World\"},\"image\":{\"@id\":\"https:\/\/dw.prosetechnologies.com\/common\/#\/schema\/logo\/image\/\"}}]}<\/script>\n<!-- \/ Yoast SEO plugin. -->","yoast_head_json":{"title":"Contact - Digital World","robots":{"index":"index","follow":"follow","max-snippet":"max-snippet:-1","max-image-preview":"max-image-preview:large","max-video-preview":"max-video-preview:-1"},"canonical":"https:\/\/dw.prosetechnologies.com\/common\/contact\/","og_locale":"en_US","og_type":"article","og_title":"Contact - Digital World","og_description":"Headquarters Donauw\u00f6rth &#8211; GermanyPROSE Technologies GmbHAdd.: Dr.-Friedrich-Drechsler-Stra\u00dfe 14, 86609Donauw\u00f6rth, GermanyE-mail: info.eu@Prosetechnologies.com Western Europe Dublin &#8211; IrelandPROSE Technologies (Ireland) LimitedAdd.: 6th Floor, South Bank House, Barrow Street, Dublin 4 IrelandE-mail: Info@prosetechnologies.com Eastern Europe &amp; Central Asia E-mail: info.eeca@prosetechnologies.com North America New Jersey &#8211; AmericaPROSE Technologies LLCAdd.: 550 Clark Drive Budd Lake, NJ 07828, United States of&hellip;&nbsp;Read More &raquo;Contact","og_url":"https:\/\/dw.prosetechnologies.com\/common\/contact\/","og_site_name":"Digital World","article_modified_time":"2025-03-06T06:17:28+00:00","og_image":[{"url":"https:\/\/dw.prosetechnologies.com\/common\/wp-content\/uploads\/2025\/03\/global.png","type":"","width":"","height":""}],"twitter_card":"summary_large_image","twitter_misc":{"Est. reading time":"4 minutes"},"schema":{"@context":"https:\/\/schema.org","@graph":[{"@type":"WebPage","@id":"https:\/\/dw.prosetechnologies.com\/common\/contact\/","url":"https:\/\/dw.prosetechnologies.com\/common\/contact\/","name":"Contact - Digital World","isPartOf":{"@id":"https:\/\/dw.prosetechnologies.com\/common\/#website"},"primaryImageOfPage":{"@id":"https:\/\/dw.prosetechnologies.com\/common\/contact\/#primaryimage"},"image":{"@id":"https:\/\/dw.prosetechnologies.com\/common\/contact\/#primaryimage"},"thumbnailUrl":"https:\/\/dw.prosetechnologies.com\/common\/wp-content\/uploads\/2025\/03\/global.png","datePublished":"2025-02-27T03:29:03+00:00","dateModified":"2025-03-06T06:17:28+00:00","breadcrumb":{"@id":"https:\/\/dw.prosetechnologies.com\/common\/contact\/#breadcrumb"},"inLanguage":"en-US","potentialAction":[{"@type":"ReadAction","target":["https:\/\/dw.prosetechnologies.com\/common\/contact\/"]}]},{"@type":"ImageObject","inLanguage":"en-US","@id":"https:\/\/dw.prosetechnologies.com\/common\/contact\/#primaryimage","url":"https:\/\/dw.prosetechnologies.com\/common\/wp-content\/uploads\/2025\/03\/global.png","contentUrl":"https:\/\/dw.prosetechnologies.com\/common\/wp-content\/uploads\/2025\/03\/global.png","width":1195,"height":585},{"@type":"BreadcrumbList","@id":"https:\/\/dw.prosetechnologies.com\/common\/contact\/#breadcrumb","itemListElement":[{"@type":"ListItem","position":1,"name":"Home","item":"https:\/\/dw.prosetechnologies.com\/common\/"},{"@type":"ListItem","position":2,"name":"Contact"}]},{"@type":"WebSite","@id":"https:\/\/dw.prosetechnologies.com\/common\/#website","url":"https:\/\/dw.prosetechnologies.com\/common\/","name":"Digital World","description":"","publisher":{"@id":"https:\/\/dw.prosetechnologies.com\/common\/#organization"},"potentialAction":[{"@type":"SearchAction","target":{"@type":"EntryPoint","urlTemplate":"https:\/\/dw.prosetechnologies.com\/common\/?s={search_term_string}"},"query-input":{"@type":"PropertyValueSpecification","valueRequired":true,"valueName":"search_term_string"}}],"inLanguage":"en-US"},{"@type":"Organization","@id":"https:\/\/dw.prosetechnologies.com\/common\/#organization","name":"Digital World","url":"https:\/\/dw.prosetechnologies.com\/common\/","logo":{"@type":"ImageObject","inLanguage":"en-US","@id":"https:\/\/dw.prosetechnologies.com\/common\/#\/schema\/logo\/image\/","url":"https:\/\/dw.prosetechnologies.com\/common\/wp-content\/uploads\/2025\/03\/prose_logo.svg","contentUrl":"https:\/\/dw.prosetechnologies.com\/common\/wp-content\/uploads\/2025\/03\/prose_logo.svg","width":176,"height":25,"caption":"Digital World"},"image":{"@id":"https:\/\/dw.prosetechnologies.com\/common\/#\/schema\/logo\/image\/"}}]}},"_links":{"self":[{"href":"https:\/\/dw.prosetechnologies.com\/common\/wp-json\/wp\/v2\/pages\/18","targetHints":{"allow":["GET"]}}],"collection":[{"href":"https:\/\/dw.prosetechnologies.com\/common\/wp-json\/wp\/v2\/pages"}],"about":[{"href":"https:\/\/dw.prosetechnologies.com\/common\/wp-json\/wp\/v2\/types\/page"}],"author":[{"embeddable":true,"href":"https:\/\/dw.prosetechnologies.com\/common\/wp-json\/wp\/v2\/users\/1"}],"replies":[{"embeddable":true,"href":"https:\/\/dw.prosetechnologies.com\/common\/wp-json\/wp\/v2\/comments?post=18"}],"version-history":[{"count":73,"href":"https:\/\/dw.prosetechnologies.com\/common\/wp-json\/wp\/v2\/pages\/18\/revisions"}],"predecessor-version":[{"id":739,"href":"https:\/\/dw.prosetechnologies.com\/common\/wp-json\/wp\/v2\/pages\/18\/revisions\/739"}],"wp:attachment":[{"href":"https:\/\/dw.prosetechnologies.com\/common\/wp-json\/wp\/v2\/media?parent=18"}],"curies":[{"name":"wp","href":"https:\/\/api.w.org\/{rel}","templated":true}]}}